{"id":512,"date":"2014-11-11T12:15:48","date_gmt":"2014-11-11T12:15:48","guid":{"rendered":"http:\/\/valderrobres-candida.com\/?page_id=512"},"modified":"2017-06-27T09:31:46","modified_gmt":"2017-06-27T09:31:46","slug":"apartaments","status":"publish","type":"page","link":"https:\/\/valderrobres-candida.com\/cat\/apartaments\/","title":{"rendered":"Apartamentos"},"content":{"rendered":"<p style=\"color: #424242;\">Do\u00f1a C\u00e1ndida es una casa situada en el casco antiguo de Valderrobres que se rehabilit\u00f3 respetando la esencia de la construcci\u00f3n original, si bien se sumaron todas las comodidades de las que se dispone en la actualidad. Sobre la estructura original se distribuyen los apartamentos, que combinan lo antiguo con lo moderno, tanto en la estructura como en el mobiliario.<\/p>\n<p style=\"color: #424242;\">Cada uno de los apartamentos Do\u00f1a C\u00e1ndida dispone de dos habitaciones (una doble y una individual), ba\u00f1o completo, comedor con un sof\u00e1 cama de alta calidad, cocina completamente equipada (horno, microondas, lavavajillas, lavadora \/ secadora y utensilios de cocina), televisi\u00f3n de pantalla plana LCD, aire acondicionado, calefacci\u00f3n y Wifi.<\/p>\n<p><center><br \/>\n<div class=\"su-row\"><div class=\"su-column su-column-size-1-4\"><div class=\"su-column-inner su-u-clearfix su-u-trim\"><a href=\"http:\/\/valderrobres-candida.com\/apartamentos\/cami-darnes\/\"><img decoding=\"async\" src=\"http:\/\/valderrobres-candida.com\/wp-content\/uploads\/0.png\" width=\"180px\" height=\"180px\"><\/a><\/p>\n<p font-size=\"14px\" style=\"font-weight:bold;margin-top:10px;\">Cam\u00ed d&#8217;Arnes<\/p>\n<\/div><\/div>\n<div class=\"su-column su-column-size-1-4\"><div class=\"su-column-inner su-u-clearfix su-u-trim\"><a href=\"http:\/\/valderrobres-candida.com\/apartamentos\/el-matarrana\/\"><img decoding=\"async\" src=\"http:\/\/valderrobres-candida.com\/wp-content\/uploads\/01.png\" width=\"180px\" height=\"180px\"><\/a><\/p>\n<p font-size=\"14px\" style=\"font-weight:bold;margin-top:10px;\">El Matarra\u00f1a<\/p>\n<\/div><\/div>\n<div class=\"su-column su-column-size-1-4\"><div class=\"su-column-inner su-u-clearfix su-u-trim\"><a href=\"http:\/\/valderrobres-candida.com\/apartamentos\/els-ports\/\"><img decoding=\"async\" src=\"http:\/\/valderrobres-candida.com\/wp-content\/uploads\/04.png\" width=\"180px\" height=\"180px\"><\/a><\/p>\n<p font-size=\"14px\" style=\"font-weight:bold;margin-top:10px;\">Els Ports<\/p>\n<\/div><\/div>\n<div class=\"su-column su-column-size-1-4\"><div class=\"su-column-inner su-u-clearfix su-u-trim\"><a href=\"http:\/\/valderrobres-candida.com\/apartamentos\/lumbria\/\"><img decoding=\"async\" src=\"http:\/\/valderrobres-candida.com\/wp-content\/uploads\/03.png\" width=\"180px\" height=\"180px\"><\/a><\/p>\n<p font-size=\"14px\" style=\"font-weight:bold;margin-top:10px;\">L&#8217;Umbria<\/p>\n<\/div><\/div><\/div>\n<\/center><\/p>\n","protected":false},"excerpt":{"rendered":"<p>Do\u00f1a C\u00e1ndida es una casa situada en el casco antiguo de Valderrobres que se rehabilit\u00f3 respetando la esencia de la construcci\u00f3n original, si bien se sumaron todas las comodidades de las que se dispone en la actualidad. Sobre la estructura original se distribuyen los apartamentos, que combinan lo antiguo con lo moderno, tanto en la<\/p>\n","protected":false},"author":1,"featured_media":0,"parent":0,"menu_order":0,"comment_status":"closed","ping_status":"open","template":"page-templates\/template-full-width.php","meta":{"footnotes":""},"class_list":["post-512","page","type-page","status-publish","hentry"],"yoast_head":"<!-- This site is optimized with the Yoast SEO plugin v26.7 - https:\/\/yoast.com\/wordpress\/plugins\/seo\/ -->\n<title>Apartamentos - Valderrobres Candida CAT<\/title>\n<meta name=\"robots\" content=\"index, follow, max-snippet:-1, max-image-preview:large, max-video-preview:-1\" \/>\n<link rel=\"canonical\" href=\"https:\/\/valderrobres-candida.com\/cat\/apartaments\/\" \/>\n<meta property=\"og:locale\" content=\"ca_ES\" \/>\n<meta property=\"og:type\" content=\"article\" \/>\n<meta property=\"og:title\" content=\"Apartamentos - Valderrobres Candida CAT\" \/>\n<meta property=\"og:description\" content=\"Do\u00f1a C\u00e1ndida es una casa situada en el casco antiguo de Valderrobres que se rehabilit\u00f3 respetando la esencia de la construcci\u00f3n original, si bien se sumaron todas las comodidades de las que se dispone en la actualidad. Sobre la estructura original se distribuyen los apartamentos, que combinan lo antiguo con lo moderno, tanto en la\" \/>\n<meta property=\"og:url\" content=\"https:\/\/valderrobres-candida.com\/cat\/apartaments\/\" \/>\n<meta property=\"og:site_name\" content=\"Valderrobres Candida CAT\" \/>\n<meta property=\"article:modified_time\" content=\"2017-06-27T09:31:46+00:00\" \/>\n<meta property=\"og:image\" content=\"http:\/\/valderrobres-candida.com\/wp-content\/uploads\/0.png\" \/>\n<meta name=\"twitter:card\" content=\"summary_large_image\" \/>\n<meta name=\"twitter:label1\" content=\"Temps estimat de lectura\" \/>\n\t<meta name=\"twitter:data1\" content=\"1 minut\" \/>\n<script type=\"application\/ld+json\" class=\"yoast-schema-graph\">{\"@context\":\"https:\/\/schema.org\",\"@graph\":[{\"@type\":\"WebPage\",\"@id\":\"https:\/\/valderrobres-candida.com\/cat\/apartaments\/\",\"url\":\"https:\/\/valderrobres-candida.com\/cat\/apartaments\/\",\"name\":\"Apartamentos - Valderrobres Candida CAT\",\"isPartOf\":{\"@id\":\"https:\/\/valderrobres-candida.com\/cat\/#website\"},\"primaryImageOfPage\":{\"@id\":\"https:\/\/valderrobres-candida.com\/cat\/apartaments\/#primaryimage\"},\"image\":{\"@id\":\"https:\/\/valderrobres-candida.com\/cat\/apartaments\/#primaryimage\"},\"thumbnailUrl\":\"http:\/\/valderrobres-candida.com\/wp-content\/uploads\/0.png\",\"datePublished\":\"2014-11-11T12:15:48+00:00\",\"dateModified\":\"2017-06-27T09:31:46+00:00\",\"breadcrumb\":{\"@id\":\"https:\/\/valderrobres-candida.com\/cat\/apartaments\/#breadcrumb\"},\"inLanguage\":\"ca\",\"potentialAction\":[{\"@type\":\"ReadAction\",\"target\":[\"https:\/\/valderrobres-candida.com\/cat\/apartaments\/\"]}]},{\"@type\":\"ImageObject\",\"inLanguage\":\"ca\",\"@id\":\"https:\/\/valderrobres-candida.com\/cat\/apartaments\/#primaryimage\",\"url\":\"http:\/\/valderrobres-candida.com\/wp-content\/uploads\/0.png\",\"contentUrl\":\"http:\/\/valderrobres-candida.com\/wp-content\/uploads\/0.png\"},{\"@type\":\"BreadcrumbList\",\"@id\":\"https:\/\/valderrobres-candida.com\/cat\/apartaments\/#breadcrumb\",\"itemListElement\":[{\"@type\":\"ListItem\",\"position\":1,\"name\":\"Portada\",\"item\":\"https:\/\/valderrobres-candida.com\/cat\/\"},{\"@type\":\"ListItem\",\"position\":2,\"name\":\"Apartamentos\"}]},{\"@type\":\"WebSite\",\"@id\":\"https:\/\/valderrobres-candida.com\/cat\/#website\",\"url\":\"https:\/\/valderrobres-candida.com\/cat\/\",\"name\":\"Valderrobres Candida CAT\",\"description\":\"\",\"potentialAction\":[{\"@type\":\"SearchAction\",\"target\":{\"@type\":\"EntryPoint\",\"urlTemplate\":\"https:\/\/valderrobres-candida.com\/cat\/?s={search_term_string}\"},\"query-input\":{\"@type\":\"PropertyValueSpecification\",\"valueRequired\":true,\"valueName\":\"search_term_string\"}}],\"inLanguage\":\"ca\"}]}<\/script>\n<!-- \/ Yoast SEO plugin. -->","yoast_head_json":{"title":"Apartamentos - Valderrobres Candida CAT","robots":{"index":"index","follow":"follow","max-snippet":"max-snippet:-1","max-image-preview":"max-image-preview:large","max-video-preview":"max-video-preview:-1"},"canonical":"https:\/\/valderrobres-candida.com\/cat\/apartaments\/","og_locale":"ca_ES","og_type":"article","og_title":"Apartamentos - Valderrobres Candida CAT","og_description":"Do\u00f1a C\u00e1ndida es una casa situada en el casco antiguo de Valderrobres que se rehabilit\u00f3 respetando la esencia de la construcci\u00f3n original, si bien se sumaron todas las comodidades de las que se dispone en la actualidad. Sobre la estructura original se distribuyen los apartamentos, que combinan lo antiguo con lo moderno, tanto en la","og_url":"https:\/\/valderrobres-candida.com\/cat\/apartaments\/","og_site_name":"Valderrobres Candida CAT","article_modified_time":"2017-06-27T09:31:46+00:00","og_image":[{"url":"http:\/\/valderrobres-candida.com\/wp-content\/uploads\/0.png","type":"","width":"","height":""}],"twitter_card":"summary_large_image","twitter_misc":{"Temps estimat de lectura":"1 minut"},"schema":{"@context":"https:\/\/schema.org","@graph":[{"@type":"WebPage","@id":"https:\/\/valderrobres-candida.com\/cat\/apartaments\/","url":"https:\/\/valderrobres-candida.com\/cat\/apartaments\/","name":"Apartamentos - Valderrobres Candida CAT","isPartOf":{"@id":"https:\/\/valderrobres-candida.com\/cat\/#website"},"primaryImageOfPage":{"@id":"https:\/\/valderrobres-candida.com\/cat\/apartaments\/#primaryimage"},"image":{"@id":"https:\/\/valderrobres-candida.com\/cat\/apartaments\/#primaryimage"},"thumbnailUrl":"http:\/\/valderrobres-candida.com\/wp-content\/uploads\/0.png","datePublished":"2014-11-11T12:15:48+00:00","dateModified":"2017-06-27T09:31:46+00:00","breadcrumb":{"@id":"https:\/\/valderrobres-candida.com\/cat\/apartaments\/#breadcrumb"},"inLanguage":"ca","potentialAction":[{"@type":"ReadAction","target":["https:\/\/valderrobres-candida.com\/cat\/apartaments\/"]}]},{"@type":"ImageObject","inLanguage":"ca","@id":"https:\/\/valderrobres-candida.com\/cat\/apartaments\/#primaryimage","url":"http:\/\/valderrobres-candida.com\/wp-content\/uploads\/0.png","contentUrl":"http:\/\/valderrobres-candida.com\/wp-content\/uploads\/0.png"},{"@type":"BreadcrumbList","@id":"https:\/\/valderrobres-candida.com\/cat\/apartaments\/#breadcrumb","itemListElement":[{"@type":"ListItem","position":1,"name":"Portada","item":"https:\/\/valderrobres-candida.com\/cat\/"},{"@type":"ListItem","position":2,"name":"Apartamentos"}]},{"@type":"WebSite","@id":"https:\/\/valderrobres-candida.com\/cat\/#website","url":"https:\/\/valderrobres-candida.com\/cat\/","name":"Valderrobres Candida CAT","description":"","potentialAction":[{"@type":"SearchAction","target":{"@type":"EntryPoint","urlTemplate":"https:\/\/valderrobres-candida.com\/cat\/?s={search_term_string}"},"query-input":{"@type":"PropertyValueSpecification","valueRequired":true,"valueName":"search_term_string"}}],"inLanguage":"ca"}]}},"_links":{"self":[{"href":"https:\/\/valderrobres-candida.com\/cat\/wp-json\/wp\/v2\/pages\/512","targetHints":{"allow":["GET"]}}],"collection":[{"href":"https:\/\/valderrobres-candida.com\/cat\/wp-json\/wp\/v2\/pages"}],"about":[{"href":"https:\/\/valderrobres-candida.com\/cat\/wp-json\/wp\/v2\/types\/page"}],"author":[{"embeddable":true,"href":"https:\/\/valderrobres-candida.com\/cat\/wp-json\/wp\/v2\/users\/1"}],"replies":[{"embeddable":true,"href":"https:\/\/valderrobres-candida.com\/cat\/wp-json\/wp\/v2\/comments?post=512"}],"version-history":[{"count":4,"href":"https:\/\/valderrobres-candida.com\/cat\/wp-json\/wp\/v2\/pages\/512\/revisions"}],"predecessor-version":[{"id":1079,"href":"https:\/\/valderrobres-candida.com\/cat\/wp-json\/wp\/v2\/pages\/512\/revisions\/1079"}],"wp:attachment":[{"href":"https:\/\/valderrobres-candida.com\/cat\/wp-json\/wp\/v2\/media?parent=512"}],"curies":[{"name":"wp","href":"https:\/\/api.w.org\/{rel}","templated":true}]}}