{"id":520,"date":"2014-11-11T12:24:07","date_gmt":"2014-11-11T12:24:07","guid":{"rendered":"http:\/\/valderrobres-candida.com\/?page_id=520"},"modified":"2014-11-11T12:24:07","modified_gmt":"2014-11-11T12:24:07","slug":"qui-som","status":"publish","type":"page","link":"https:\/\/valderrobres-candida.com\/cat\/qui-som\/","title":{"rendered":"Qui som?"},"content":{"rendered":"<p>El nombre <strong>Do\u00f1a C\u00e1ndida<\/strong> no fue elegido al azar, y bien lo saben los habitantes de este pueblo de la comarca del Matarra\u00f1a. Do\u00f1a C\u00e1ndida y su familia eran los <strong>propietarios <\/strong>de esta casa.<\/p>\n<p>Ella fue maestra de la <strong>Escuela de Ni\u00f1as de Valderrobres<\/strong>, un centro educativo situado frente al Castillo, donde tambi\u00e9n ejerc\u00eda su hermana, Do\u00f1a Pl\u00e1cida. Do\u00f1a C\u00e1ndida estaba casada con <strong>Don Bernardo,<\/strong> que se dedicaba a cultivar las tierras con productos aut\u00f3ctonos como almendras, aceitunas y uvas. Su hijo, tambi\u00e9n maestro, se fue a vivir a Barcelona.<br \/>\n<div class=\"su-row\">\n<div class=\"su-column su-column-size-1-3\"><div class=\"su-column-inner su-u-clearfix su-u-trim\"><img decoding=\"async\" src=\"http:\/\/valderrobres-candida.com\/wp-content\/uploads\/Valderrobres-1.jpg\" alt=\"\" \/> <\/div><\/div>\n<div class=\"su-column su-column-size-1-3\"><div class=\"su-column-inner su-u-clearfix su-u-trim\"><img decoding=\"async\" src=\"http:\/\/valderrobres-candida.com\/wp-content\/uploads\/Valderrobres-2.jpg\" alt=\"\" \/> <\/div><\/div>\n<div class=\"su-column su-column-size-1-3\"><div class=\"su-column-inner su-u-clearfix su-u-trim\"><img decoding=\"async\" src=\"http:\/\/valderrobres-candida.com\/wp-content\/uploads\/Valderrobres-3.jpg\" alt=\"\" \/> <\/div><\/div>\n<\/div>\n<\/p>\n<p>El recuerdo de aquel sabor tan genuino y especial que adquir\u00edan las comidas preparadas en la cocina de le\u00f1a o de aquellas jornadas de bajar a ba\u00f1arse en el r\u00edo, pescar e ir con la bicicleta por los caminos rurales es la raz\u00f3n que ha llevado a los <strong>nietos de Do\u00f1a C\u00e1ndida<\/strong> restaurar esta casa, y poder as\u00ed compartir con todos la esencia de unas vacaciones familiares y entra\u00f1ables, recuperando un trozo de memoria.<\/p>\n<p>Donde hay actualmente los apartamentos, en la primera y segunda planta, estaba la vivienda familiar. Asimismo, entre la planta baja y desv\u00e1n se repart\u00edan la cuadra, la bodega, la sala de secar los jamones, la oficina de correos, el gallinero, la despensa, el cuarteto para guardar el material escolar, etc.<\/p>\n<p>Adem\u00e1s, ante la casa ten\u00edan un huerto, el lavadero con agua de la acequia y los conejos. <\/p>\n<p>Pueden estar seguros de que en Do\u00f1a C\u00e1ndida encontrar\u00e1n todo el confort de la modernidad y la singularidad de elementos antiguos que los transportar\u00e1n a otro tiempo.<\/p>\n","protected":false},"excerpt":{"rendered":"<p>El nombre Do\u00f1a C\u00e1ndida no fue elegido al azar, y bien lo saben los habitantes de este pueblo de la comarca del Matarra\u00f1a. Do\u00f1a C\u00e1ndida y su familia eran los propietarios de esta casa. Ella fue maestra de la Escuela de Ni\u00f1as de Valderrobres, un centro educativo situado frente al Castillo, donde tambi\u00e9n ejerc\u00eda su<\/p>\n","protected":false},"author":1,"featured_media":0,"parent":0,"menu_order":0,"comment_status":"closed","ping_status":"open","template":"page-templates\/template-full-width.php","meta":{"footnotes":""},"class_list":["post-520","page","type-page","status-publish","hentry"],"yoast_head":"<!-- This site is optimized with the Yoast SEO plugin v26.7 - https:\/\/yoast.com\/wordpress\/plugins\/seo\/ -->\n<title>Qui som? - Valderrobres Candida CAT<\/title>\n<meta name=\"robots\" content=\"index, follow, max-snippet:-1, max-image-preview:large, max-video-preview:-1\" \/>\n<link rel=\"canonical\" href=\"https:\/\/valderrobres-candida.com\/cat\/qui-som\/\" \/>\n<meta property=\"og:locale\" content=\"ca_ES\" \/>\n<meta property=\"og:type\" content=\"article\" \/>\n<meta property=\"og:title\" content=\"Qui som? - Valderrobres Candida CAT\" \/>\n<meta property=\"og:description\" content=\"El nombre Do\u00f1a C\u00e1ndida no fue elegido al azar, y bien lo saben los habitantes de este pueblo de la comarca del Matarra\u00f1a. Do\u00f1a C\u00e1ndida y su familia eran los propietarios de esta casa. Ella fue maestra de la Escuela de Ni\u00f1as de Valderrobres, un centro educativo situado frente al Castillo, donde tambi\u00e9n ejerc\u00eda su\" \/>\n<meta property=\"og:url\" content=\"https:\/\/valderrobres-candida.com\/cat\/qui-som\/\" \/>\n<meta property=\"og:site_name\" content=\"Valderrobres Candida CAT\" \/>\n<meta property=\"og:image\" content=\"http:\/\/valderrobres-candida.com\/wp-content\/uploads\/Valderrobres-1.jpg\" \/>\n<meta name=\"twitter:card\" content=\"summary_large_image\" \/>\n<meta name=\"twitter:label1\" content=\"Temps estimat de lectura\" \/>\n\t<meta name=\"twitter:data1\" content=\"2 minuts\" \/>\n<script type=\"application\/ld+json\" class=\"yoast-schema-graph\">{\"@context\":\"https:\/\/schema.org\",\"@graph\":[{\"@type\":\"WebPage\",\"@id\":\"https:\/\/valderrobres-candida.com\/cat\/qui-som\/\",\"url\":\"https:\/\/valderrobres-candida.com\/cat\/qui-som\/\",\"name\":\"Qui som? - Valderrobres Candida CAT\",\"isPartOf\":{\"@id\":\"https:\/\/valderrobres-candida.com\/cat\/#website\"},\"primaryImageOfPage\":{\"@id\":\"https:\/\/valderrobres-candida.com\/cat\/qui-som\/#primaryimage\"},\"image\":{\"@id\":\"https:\/\/valderrobres-candida.com\/cat\/qui-som\/#primaryimage\"},\"thumbnailUrl\":\"http:\/\/valderrobres-candida.com\/wp-content\/uploads\/Valderrobres-1.jpg\",\"datePublished\":\"2014-11-11T12:24:07+00:00\",\"breadcrumb\":{\"@id\":\"https:\/\/valderrobres-candida.com\/cat\/qui-som\/#breadcrumb\"},\"inLanguage\":\"ca\",\"potentialAction\":[{\"@type\":\"ReadAction\",\"target\":[\"https:\/\/valderrobres-candida.com\/cat\/qui-som\/\"]}]},{\"@type\":\"ImageObject\",\"inLanguage\":\"ca\",\"@id\":\"https:\/\/valderrobres-candida.com\/cat\/qui-som\/#primaryimage\",\"url\":\"http:\/\/valderrobres-candida.com\/wp-content\/uploads\/Valderrobres-1.jpg\",\"contentUrl\":\"http:\/\/valderrobres-candida.com\/wp-content\/uploads\/Valderrobres-1.jpg\"},{\"@type\":\"BreadcrumbList\",\"@id\":\"https:\/\/valderrobres-candida.com\/cat\/qui-som\/#breadcrumb\",\"itemListElement\":[{\"@type\":\"ListItem\",\"position\":1,\"name\":\"Portada\",\"item\":\"https:\/\/valderrobres-candida.com\/cat\/\"},{\"@type\":\"ListItem\",\"position\":2,\"name\":\"Qui som?\"}]},{\"@type\":\"WebSite\",\"@id\":\"https:\/\/valderrobres-candida.com\/cat\/#website\",\"url\":\"https:\/\/valderrobres-candida.com\/cat\/\",\"name\":\"Valderrobres Candida CAT\",\"description\":\"\",\"potentialAction\":[{\"@type\":\"SearchAction\",\"target\":{\"@type\":\"EntryPoint\",\"urlTemplate\":\"https:\/\/valderrobres-candida.com\/cat\/?s={search_term_string}\"},\"query-input\":{\"@type\":\"PropertyValueSpecification\",\"valueRequired\":true,\"valueName\":\"search_term_string\"}}],\"inLanguage\":\"ca\"}]}<\/script>\n<!-- \/ Yoast SEO plugin. -->","yoast_head_json":{"title":"Qui som? - Valderrobres Candida CAT","robots":{"index":"index","follow":"follow","max-snippet":"max-snippet:-1","max-image-preview":"max-image-preview:large","max-video-preview":"max-video-preview:-1"},"canonical":"https:\/\/valderrobres-candida.com\/cat\/qui-som\/","og_locale":"ca_ES","og_type":"article","og_title":"Qui som? - Valderrobres Candida CAT","og_description":"El nombre Do\u00f1a C\u00e1ndida no fue elegido al azar, y bien lo saben los habitantes de este pueblo de la comarca del Matarra\u00f1a. Do\u00f1a C\u00e1ndida y su familia eran los propietarios de esta casa. Ella fue maestra de la Escuela de Ni\u00f1as de Valderrobres, un centro educativo situado frente al Castillo, donde tambi\u00e9n ejerc\u00eda su","og_url":"https:\/\/valderrobres-candida.com\/cat\/qui-som\/","og_site_name":"Valderrobres Candida CAT","og_image":[{"url":"http:\/\/valderrobres-candida.com\/wp-content\/uploads\/Valderrobres-1.jpg","type":"","width":"","height":""}],"twitter_card":"summary_large_image","twitter_misc":{"Temps estimat de lectura":"2 minuts"},"schema":{"@context":"https:\/\/schema.org","@graph":[{"@type":"WebPage","@id":"https:\/\/valderrobres-candida.com\/cat\/qui-som\/","url":"https:\/\/valderrobres-candida.com\/cat\/qui-som\/","name":"Qui som? - Valderrobres Candida CAT","isPartOf":{"@id":"https:\/\/valderrobres-candida.com\/cat\/#website"},"primaryImageOfPage":{"@id":"https:\/\/valderrobres-candida.com\/cat\/qui-som\/#primaryimage"},"image":{"@id":"https:\/\/valderrobres-candida.com\/cat\/qui-som\/#primaryimage"},"thumbnailUrl":"http:\/\/valderrobres-candida.com\/wp-content\/uploads\/Valderrobres-1.jpg","datePublished":"2014-11-11T12:24:07+00:00","breadcrumb":{"@id":"https:\/\/valderrobres-candida.com\/cat\/qui-som\/#breadcrumb"},"inLanguage":"ca","potentialAction":[{"@type":"ReadAction","target":["https:\/\/valderrobres-candida.com\/cat\/qui-som\/"]}]},{"@type":"ImageObject","inLanguage":"ca","@id":"https:\/\/valderrobres-candida.com\/cat\/qui-som\/#primaryimage","url":"http:\/\/valderrobres-candida.com\/wp-content\/uploads\/Valderrobres-1.jpg","contentUrl":"http:\/\/valderrobres-candida.com\/wp-content\/uploads\/Valderrobres-1.jpg"},{"@type":"BreadcrumbList","@id":"https:\/\/valderrobres-candida.com\/cat\/qui-som\/#breadcrumb","itemListElement":[{"@type":"ListItem","position":1,"name":"Portada","item":"https:\/\/valderrobres-candida.com\/cat\/"},{"@type":"ListItem","position":2,"name":"Qui som?"}]},{"@type":"WebSite","@id":"https:\/\/valderrobres-candida.com\/cat\/#website","url":"https:\/\/valderrobres-candida.com\/cat\/","name":"Valderrobres Candida CAT","description":"","potentialAction":[{"@type":"SearchAction","target":{"@type":"EntryPoint","urlTemplate":"https:\/\/valderrobres-candida.com\/cat\/?s={search_term_string}"},"query-input":{"@type":"PropertyValueSpecification","valueRequired":true,"valueName":"search_term_string"}}],"inLanguage":"ca"}]}},"_links":{"self":[{"href":"https:\/\/valderrobres-candida.com\/cat\/wp-json\/wp\/v2\/pages\/520","targetHints":{"allow":["GET"]}}],"collection":[{"href":"https:\/\/valderrobres-candida.com\/cat\/wp-json\/wp\/v2\/pages"}],"about":[{"href":"https:\/\/valderrobres-candida.com\/cat\/wp-json\/wp\/v2\/types\/page"}],"author":[{"embeddable":true,"href":"https:\/\/valderrobres-candida.com\/cat\/wp-json\/wp\/v2\/users\/1"}],"replies":[{"embeddable":true,"href":"https:\/\/valderrobres-candida.com\/cat\/wp-json\/wp\/v2\/comments?post=520"}],"version-history":[{"count":1,"href":"https:\/\/valderrobres-candida.com\/cat\/wp-json\/wp\/v2\/pages\/520\/revisions"}],"predecessor-version":[{"id":521,"href":"https:\/\/valderrobres-candida.com\/cat\/wp-json\/wp\/v2\/pages\/520\/revisions\/521"}],"wp:attachment":[{"href":"https:\/\/valderrobres-candida.com\/cat\/wp-json\/wp\/v2\/media?parent=520"}],"curies":[{"name":"wp","href":"https:\/\/api.w.org\/{rel}","templated":true}]}}