{"id":678,"date":"2015-03-10T11:34:27","date_gmt":"2015-03-10T11:34:27","guid":{"rendered":"http:\/\/valderrobres-candida.com\/?page_id=678"},"modified":"2015-03-10T11:39:50","modified_gmt":"2015-03-10T11:39:50","slug":"about-us","status":"publish","type":"page","link":"https:\/\/valderrobres-candida.com\/en\/about-us\/","title":{"rendered":"About us"},"content":{"rendered":"<p><strong>Do\u00f1a C\u00e1ndida<\/strong> name was not chosen at random:  as people of this village well know, Do\u00f1a C\u00e1ndida and his family were the <strong>owners <\/strong>of this house.<br \/>\n&nbsp;<br \/>\nShe was a teacher from the <strong>Girls\u2019 school of the village<\/strong>. Do\u00f1a C\u00e1ndida married with <strong>Don Bernardo<\/strong>, who dedicated his life to cultivate the land with local products like almonds, olives and grapes. His son, also a teacher, moved to Barcelona.<\/p>\n<div class=\"su-row\">\n<div class=\"su-column su-column-size-1-3\"><div class=\"su-column-inner su-u-clearfix su-u-trim\"><img decoding=\"async\" src=\"http:\/\/valderrobres-candida.com\/wp-content\/uploads\/Valderrobres-1.jpg\" alt=\"\" \/> <\/div><\/div>\n<div class=\"su-column su-column-size-1-3\"><div class=\"su-column-inner su-u-clearfix su-u-trim\"><img decoding=\"async\" src=\"http:\/\/valderrobres-candida.com\/wp-content\/uploads\/Valderrobres-2.jpg\" alt=\"\" \/> <\/div><\/div>\n<div class=\"su-column su-column-size-1-3\"><div class=\"su-column-inner su-u-clearfix su-u-trim\"><img decoding=\"async\" src=\"http:\/\/valderrobres-candida.com\/wp-content\/uploads\/Valderrobres-3.jpg\" alt=\"\" \/> <\/div><\/div>\n<\/div>\n<\/p>\n<p>The memories of that special flavor of the meals prepared in the wood stove, or those days of going to bath in the river, fishing and going with the bike along the country roads is the reason that led the grandchildren of Do\u00f1a Candida to restore this house, so they can share with everyone the essence of a familiar holidays, recovering a piece of all those memories.<\/p>\n<p>The apartments are located on the first and second floor, which is where the old family home was. Also, between the ground floor and the attic we can find the cellar, the drying room hams, the post office, the henhouse, the pantry, the quartet to store school supplies, etc.<\/p>\n<p>Furthermore, some years ago, in front of the house they had a garden, a laundry with water from the ditch and rabbits.<br \/>\nYou can be sure that in Do\u00f1a Candida you will find all the comforts of modernity and the uniqueness of ancient elements that will transport you to another time.<\/p>\n","protected":false},"excerpt":{"rendered":"<p>Do\u00f1a C\u00e1ndida name was not chosen at random: as people of this village well know, Do\u00f1a C\u00e1ndida and his family were the owners of this house. &nbsp; She was a teacher from the Girls\u2019 school of the village. Do\u00f1a C\u00e1ndida married with Don Bernardo, who dedicated his life to cultivate the land with local products<\/p>\n","protected":false},"author":1,"featured_media":0,"parent":0,"menu_order":0,"comment_status":"closed","ping_status":"open","template":"page-templates\/template-full-width.php","meta":{"footnotes":""},"class_list":["post-678","page","type-page","status-publish","hentry"],"yoast_head":"<!-- This site is optimized with the Yoast SEO plugin v26.7 - https:\/\/yoast.com\/wordpress\/plugins\/seo\/ -->\n<title>About us - Valderrobres Candida EN<\/title>\n<meta name=\"robots\" content=\"index, follow, max-snippet:-1, max-image-preview:large, max-video-preview:-1\" \/>\n<link rel=\"canonical\" href=\"https:\/\/valderrobres-candida.com\/en\/about-us\/\" \/>\n<meta property=\"og:locale\" content=\"en_US\" \/>\n<meta property=\"og:type\" content=\"article\" \/>\n<meta property=\"og:title\" content=\"About us - Valderrobres Candida EN\" \/>\n<meta property=\"og:description\" content=\"Do\u00f1a C\u00e1ndida name was not chosen at random: as people of this village well know, Do\u00f1a C\u00e1ndida and his family were the owners of this house. &nbsp; She was a teacher from the Girls\u2019 school of the village. Do\u00f1a C\u00e1ndida married with Don Bernardo, who dedicated his life to cultivate the land with local products\" \/>\n<meta property=\"og:url\" content=\"https:\/\/valderrobres-candida.com\/en\/about-us\/\" \/>\n<meta property=\"og:site_name\" content=\"Valderrobres Candida EN\" \/>\n<meta property=\"article:modified_time\" content=\"2015-03-10T11:39:50+00:00\" \/>\n<meta property=\"og:image\" content=\"http:\/\/valderrobres-candida.com\/wp-content\/uploads\/Valderrobres-1.jpg\" \/>\n<meta name=\"twitter:card\" content=\"summary_large_image\" \/>\n<meta name=\"twitter:label1\" content=\"Est. reading time\" \/>\n\t<meta name=\"twitter:data1\" content=\"1 minute\" \/>\n<script type=\"application\/ld+json\" class=\"yoast-schema-graph\">{\"@context\":\"https:\/\/schema.org\",\"@graph\":[{\"@type\":\"WebPage\",\"@id\":\"https:\/\/valderrobres-candida.com\/en\/about-us\/\",\"url\":\"https:\/\/valderrobres-candida.com\/en\/about-us\/\",\"name\":\"About us - Valderrobres Candida EN\",\"isPartOf\":{\"@id\":\"http:\/\/valderrobres-candida.com\/en\/#website\"},\"primaryImageOfPage\":{\"@id\":\"https:\/\/valderrobres-candida.com\/en\/about-us\/#primaryimage\"},\"image\":{\"@id\":\"https:\/\/valderrobres-candida.com\/en\/about-us\/#primaryimage\"},\"thumbnailUrl\":\"http:\/\/valderrobres-candida.com\/wp-content\/uploads\/Valderrobres-1.jpg\",\"datePublished\":\"2015-03-10T11:34:27+00:00\",\"dateModified\":\"2015-03-10T11:39:50+00:00\",\"breadcrumb\":{\"@id\":\"https:\/\/valderrobres-candida.com\/en\/about-us\/#breadcrumb\"},\"inLanguage\":\"en-US\",\"potentialAction\":[{\"@type\":\"ReadAction\",\"target\":[\"https:\/\/valderrobres-candida.com\/en\/about-us\/\"]}]},{\"@type\":\"ImageObject\",\"inLanguage\":\"en-US\",\"@id\":\"https:\/\/valderrobres-candida.com\/en\/about-us\/#primaryimage\",\"url\":\"http:\/\/valderrobres-candida.com\/wp-content\/uploads\/Valderrobres-1.jpg\",\"contentUrl\":\"http:\/\/valderrobres-candida.com\/wp-content\/uploads\/Valderrobres-1.jpg\"},{\"@type\":\"BreadcrumbList\",\"@id\":\"https:\/\/valderrobres-candida.com\/en\/about-us\/#breadcrumb\",\"itemListElement\":[{\"@type\":\"ListItem\",\"position\":1,\"name\":\"Home\",\"item\":\"http:\/\/valderrobres-candida.com\/en\/\"},{\"@type\":\"ListItem\",\"position\":2,\"name\":\"About us\"}]},{\"@type\":\"WebSite\",\"@id\":\"http:\/\/valderrobres-candida.com\/en\/#website\",\"url\":\"http:\/\/valderrobres-candida.com\/en\/\",\"name\":\"Valderrobres Candida EN\",\"description\":\"\",\"potentialAction\":[{\"@type\":\"SearchAction\",\"target\":{\"@type\":\"EntryPoint\",\"urlTemplate\":\"http:\/\/valderrobres-candida.com\/en\/?s={search_term_string}\"},\"query-input\":{\"@type\":\"PropertyValueSpecification\",\"valueRequired\":true,\"valueName\":\"search_term_string\"}}],\"inLanguage\":\"en-US\"}]}<\/script>\n<!-- \/ Yoast SEO plugin. -->","yoast_head_json":{"title":"About us - Valderrobres Candida EN","robots":{"index":"index","follow":"follow","max-snippet":"max-snippet:-1","max-image-preview":"max-image-preview:large","max-video-preview":"max-video-preview:-1"},"canonical":"https:\/\/valderrobres-candida.com\/en\/about-us\/","og_locale":"en_US","og_type":"article","og_title":"About us - Valderrobres Candida EN","og_description":"Do\u00f1a C\u00e1ndida name was not chosen at random: as people of this village well know, Do\u00f1a C\u00e1ndida and his family were the owners of this house. &nbsp; She was a teacher from the Girls\u2019 school of the village. Do\u00f1a C\u00e1ndida married with Don Bernardo, who dedicated his life to cultivate the land with local products","og_url":"https:\/\/valderrobres-candida.com\/en\/about-us\/","og_site_name":"Valderrobres Candida EN","article_modified_time":"2015-03-10T11:39:50+00:00","og_image":[{"url":"http:\/\/valderrobres-candida.com\/wp-content\/uploads\/Valderrobres-1.jpg","type":"","width":"","height":""}],"twitter_card":"summary_large_image","twitter_misc":{"Est. reading time":"1 minute"},"schema":{"@context":"https:\/\/schema.org","@graph":[{"@type":"WebPage","@id":"https:\/\/valderrobres-candida.com\/en\/about-us\/","url":"https:\/\/valderrobres-candida.com\/en\/about-us\/","name":"About us - Valderrobres Candida EN","isPartOf":{"@id":"http:\/\/valderrobres-candida.com\/en\/#website"},"primaryImageOfPage":{"@id":"https:\/\/valderrobres-candida.com\/en\/about-us\/#primaryimage"},"image":{"@id":"https:\/\/valderrobres-candida.com\/en\/about-us\/#primaryimage"},"thumbnailUrl":"http:\/\/valderrobres-candida.com\/wp-content\/uploads\/Valderrobres-1.jpg","datePublished":"2015-03-10T11:34:27+00:00","dateModified":"2015-03-10T11:39:50+00:00","breadcrumb":{"@id":"https:\/\/valderrobres-candida.com\/en\/about-us\/#breadcrumb"},"inLanguage":"en-US","potentialAction":[{"@type":"ReadAction","target":["https:\/\/valderrobres-candida.com\/en\/about-us\/"]}]},{"@type":"ImageObject","inLanguage":"en-US","@id":"https:\/\/valderrobres-candida.com\/en\/about-us\/#primaryimage","url":"http:\/\/valderrobres-candida.com\/wp-content\/uploads\/Valderrobres-1.jpg","contentUrl":"http:\/\/valderrobres-candida.com\/wp-content\/uploads\/Valderrobres-1.jpg"},{"@type":"BreadcrumbList","@id":"https:\/\/valderrobres-candida.com\/en\/about-us\/#breadcrumb","itemListElement":[{"@type":"ListItem","position":1,"name":"Home","item":"http:\/\/valderrobres-candida.com\/en\/"},{"@type":"ListItem","position":2,"name":"About us"}]},{"@type":"WebSite","@id":"http:\/\/valderrobres-candida.com\/en\/#website","url":"http:\/\/valderrobres-candida.com\/en\/","name":"Valderrobres Candida EN","description":"","potentialAction":[{"@type":"SearchAction","target":{"@type":"EntryPoint","urlTemplate":"http:\/\/valderrobres-candida.com\/en\/?s={search_term_string}"},"query-input":{"@type":"PropertyValueSpecification","valueRequired":true,"valueName":"search_term_string"}}],"inLanguage":"en-US"}]}},"_links":{"self":[{"href":"https:\/\/valderrobres-candida.com\/en\/wp-json\/wp\/v2\/pages\/678","targetHints":{"allow":["GET"]}}],"collection":[{"href":"https:\/\/valderrobres-candida.com\/en\/wp-json\/wp\/v2\/pages"}],"about":[{"href":"https:\/\/valderrobres-candida.com\/en\/wp-json\/wp\/v2\/types\/page"}],"author":[{"embeddable":true,"href":"https:\/\/valderrobres-candida.com\/en\/wp-json\/wp\/v2\/users\/1"}],"replies":[{"embeddable":true,"href":"https:\/\/valderrobres-candida.com\/en\/wp-json\/wp\/v2\/comments?post=678"}],"version-history":[{"count":3,"href":"https:\/\/valderrobres-candida.com\/en\/wp-json\/wp\/v2\/pages\/678\/revisions"}],"predecessor-version":[{"id":681,"href":"https:\/\/valderrobres-candida.com\/en\/wp-json\/wp\/v2\/pages\/678\/revisions\/681"}],"wp:attachment":[{"href":"https:\/\/valderrobres-candida.com\/en\/wp-json\/wp\/v2\/media?parent=678"}],"curies":[{"name":"wp","href":"https:\/\/api.w.org\/{rel}","templated":true}]}}